{"id":12,"date":"2025-12-05T21:28:24","date_gmt":"2025-12-05T21:28:24","guid":{"rendered":"https:\/\/newellnutrition.com\/?page_id=12"},"modified":"2025-12-10T15:47:44","modified_gmt":"2025-12-10T15:47:44","slug":"my-account","status":"publish","type":"page","link":"https:\/\/newellnutrition.com\/?page_id=12","title":{"rendered":"Mi cuenta"},"content":{"rendered":"\t\t<div data-elementor-type=\"wp-page\" data-elementor-id=\"12\" class=\"elementor elementor-12\">\n\t\t\t\t<div class=\"elementor-element elementor-element-50313920 e-flex e-con-boxed e-con e-parent\" data-id=\"50313920\" data-element_type=\"container\">\n\t\t\t\t\t<div class=\"e-con-inner\">\n\t\t \t\t<div class=\"elementor-element elementor-element-77a3e1ce elementor-widget elementor-widget-text-editor\" data-id=\"77a3e1ce\" data-element_type=\"widget\" data-widget_type=\"text-editor.default\">\n\t\t\t\t\t\t\t\t\t<div class=\"woocommerce\">\n<div class=\"woocommerce-notices-wrapper\"><\/div>\n<div class=\"u-columns col2-set\" id=\"customer_login\">\n<div class=\"u-column1 login-form-col col-1\">\n<form class=\"woocommerce-form woocommerce-form-login login\" method=\"post\">\n<div class=\"woocommerce-form-login-wrap\">\n<h2 class=\"login-form-title\">Iniciar Sesi\u00f3n<\/h2>\n<p class=\"woocommerce-form-row woocommerce-form-row--wide form-row form-row-wide\">\n                    <label for=\"username\">Username or email address                        &nbsp;<span class=\"required\">*<\/span><\/label><br \/>\n                    <input type=\"text\" class=\"woocommerce-Input woocommerce-Input--text input-text\" name=\"username\" id=\"username\" autocomplete=\"username\" value=\"\" placeholder=\"Escribe tu nombre de usuario o cuenta de correo...\"\/>                <\/p>\n<p class=\"woocommerce-form-row woocommerce-form-row--wide form-row form-row-wide\">\n                    <label for=\"password\">Contrase\u00f1a                        &nbsp;<span class=\"required\">*<\/span><\/label><br \/>\n                    <input class=\"woocommerce-Input woocommerce-Input--text input-text\" type=\"password\" name=\"password\" id=\"password\" autocomplete=\"current-password\" placeholder=\"Escribe tu contrase\u00f1a...\"\/>\n                <\/p>\n<p>\t\t\t\t<label class=\"woocommerce-form__label woocommerce-form__label-for-checkbox woocommerce-form-login__rememberme\"><br \/>\n\t\t\t\t\t<input class=\"woocommerce-form__input woocommerce-form__input-checkbox\" name=\"rememberme\" type=\"checkbox\" id=\"rememberme\" value=\"forever\"\/><br \/>\n\t\t\t\t\t<span>Recordarme<\/span><br \/>\n\t\t\t\t<\/label><br \/>\n\t\t\t\t<input type=\"hidden\" id=\"woocommerce-login-nonce\" name=\"woocommerce-login-nonce\" value=\"6304fa250a\" \/><input type=\"hidden\" name=\"_wp_http_referer\" value=\"\/index.php?rest_route=%2Fwp%2Fv2%2Fpages%2F12\" \/><\/p>\n<p class=\"woocommerce-LostPassword lost_password\">\n\t\t\t\t\t<a href=\"https:\/\/newellnutrition.com\/?page_id=12&#038;lost-password\">Olvidaste tu contrase\u00f1a?<\/a>\n\t\t\t\t<\/p>\n<p>\t\t\t\t                <button type=\"submit\" class=\"woocommerce-button button woocommerce-form-login__submit\" name=\"login\" value=\"Iniciar sesi\u00f3n\">Iniciar sesi\u00f3n<\/button>\n            <\/div>\n<\/p><\/form>\n<\/p><\/div>\n<div class=\"u-column2 col-2\">\n<form method=\"post\" class=\"woocommerce-form woocommerce-form-register register\"  >\n<h2 class=\"register-from-title\">Registrarme<\/h2>\n<p class=\"woocommerce-form-row woocommerce-form-row--wide form-row form-row-wide\">\n                <label for=\"reg_email\">Correo electr\u00f3nico                    &nbsp;<span class=\"required\">*<\/span><\/label><br \/>\n                <input type=\"email\" class=\"woocommerce-Input woocommerce-Input--text input-text\" name=\"email\" id=\"reg_email\" autocomplete=\"email\" value=\"\" placeholder=\"Escribe tu e-mail...\"\/>            <\/p>\n<p>Tu contrase\u00f1a ser\u00e1 enviada a tu correo electr\u00f3nico.<\/p>\n<p>\t\t\t<wc-order-attribution-inputs><\/wc-order-attribution-inputs><\/p>\n<div class=\"woocommerce-privacy-policy-text\">\n<p>Tus datos personales se utilizar\u00e1n para respaldar tu experiencia en este sitio web, para gestionar el acceso a tu cuenta y para otros fines descritos en nuestra <a href=\"https:\/\/newellnutrition.com\/?page_id=3\" class=\"woocommerce-privacy-policy-link\" target=\"_blank\">pol\u00edtica de privacidad<\/a>.<\/p>\n<\/div>\n<p class=\"woocommerce-FormRow form-row\">\n\t\t\t\t<input type=\"hidden\" id=\"woocommerce-register-nonce\" name=\"woocommerce-register-nonce\" value=\"0fc9e7948a\" \/><input type=\"hidden\" name=\"_wp_http_referer\" value=\"\/index.php?rest_route=%2Fwp%2Fv2%2Fpages%2F12\" \/>                <button type=\"submit\" class=\"woocommerce-Button woocommerce-button button woocommerce-form-register__submit\" name=\"register\" value=\"Registrarme\">Registrarme<\/button>\n            <\/p>\n<\/p><\/form>\n<\/p><\/div>\n<\/div>\n<\/div>\n\t\t\t\t\t\t\t\t<\/div>\n\t\t\t\t\t<\/div>\n\t\t\t\t<\/div>\n\t\t\t\t<\/div>\n\t\t","protected":false},"excerpt":{"rendered":"","protected":false},"author":1,"featured_media":0,"parent":0,"menu_order":0,"comment_status":"closed","ping_status":"closed","template":"","meta":{"inline_featured_image":false,"footnotes":""},"class_list":["post-12","page","type-page","status-publish","hentry"],"jetpack_sharing_enabled":true,"_links":{"self":[{"href":"https:\/\/newellnutrition.com\/index.php?rest_route=\/wp\/v2\/pages\/12","targetHints":{"allow":["GET"]}}],"collection":[{"href":"https:\/\/newellnutrition.com\/index.php?rest_route=\/wp\/v2\/pages"}],"about":[{"href":"https:\/\/newellnutrition.com\/index.php?rest_route=\/wp\/v2\/types\/page"}],"author":[{"embeddable":true,"href":"https:\/\/newellnutrition.com\/index.php?rest_route=\/wp\/v2\/users\/1"}],"replies":[{"embeddable":true,"href":"https:\/\/newellnutrition.com\/index.php?rest_route=%2Fwp%2Fv2%2Fcomments&post=12"}],"version-history":[{"count":31,"href":"https:\/\/newellnutrition.com\/index.php?rest_route=\/wp\/v2\/pages\/12\/revisions"}],"predecessor-version":[{"id":5677,"href":"https:\/\/newellnutrition.com\/index.php?rest_route=\/wp\/v2\/pages\/12\/revisions\/5677"}],"wp:attachment":[{"href":"https:\/\/newellnutrition.com\/index.php?rest_route=%2Fwp%2Fv2%2Fmedia&parent=12"}],"curies":[{"name":"wp","href":"https:\/\/api.w.org\/{rel}","templated":true}]}}